{"id":531,"date":"2023-05-20T21:21:31","date_gmt":"2023-05-20T21:21:31","guid":{"rendered":"https:\/\/sprtrading.net\/?page_id=531"},"modified":"2023-05-21T01:27:10","modified_gmt":"2023-05-21T01:27:10","slug":"expos","status":"publish","type":"page","link":"https:\/\/sprtrading.net\/es\/exposiciones\/","title":{"rendered":"Expos"},"content":{"rendered":"<div data-elementor-type=\"wp-page\" data-elementor-id=\"531\" class=\"elementor elementor-531\" data-elementor-post-type=\"page\">\n\t\t\t\t\t\t<section class=\"elementor-section elementor-top-section elementor-element elementor-element-70a9fb32 elementor-section-boxed elementor-section-height-default elementor-section-height-default\" data-id=\"70a9fb32\" data-element_type=\"section\" data-settings=\"{&quot;background_background&quot;:&quot;classic&quot;}\">\n\t\t\t\t\t\t<div class=\"elementor-container elementor-column-gap-default\">\n\t\t\t\t\t<div class=\"elementor-column elementor-col-100 elementor-top-column elementor-element elementor-element-65334f42\" data-id=\"65334f42\" data-element_type=\"column\">\n\t\t\t<div class=\"elementor-widget-wrap elementor-element-populated\">\n\t\t\t\t\t\t<div class=\"elementor-element elementor-element-679ad034 elementor-widget elementor-widget-heading\" data-id=\"679ad034\" data-element_type=\"widget\" data-widget_type=\"heading.default\">\n\t\t\t\t<div class=\"elementor-widget-container\">\n\t\t\t\t\t<h1 class=\"elementor-heading-title elementor-size-default\">Exposiciones en China<\/h1>\t\t\t\t<\/div>\n\t\t\t\t<\/div>\n\t\t\t\t<div class=\"elementor-element elementor-element-5cb648d6 elementor-widget-divider--view-line elementor-widget elementor-widget-divider\" data-id=\"5cb648d6\" data-element_type=\"widget\" data-widget_type=\"divider.default\">\n\t\t\t\t<div class=\"elementor-widget-container\">\n\t\t\t\t\t\t\t<div class=\"elementor-divider\">\n\t\t\t<span class=\"elementor-divider-separator\">\n\t\t\t\t\t\t<\/span>\n\t\t<\/div>\n\t\t\t\t\t\t<\/div>\n\t\t\t\t<\/div>\n\t\t\t\t\t<\/div>\n\t\t<\/div>\n\t\t\t\t\t<\/div>\n\t\t<\/section>\n\t\t\t\t<section class=\"elementor-section elementor-top-section elementor-element elementor-element-4d90cfc elementor-section-boxed elementor-section-height-default elementor-section-height-default\" data-id=\"4d90cfc\" data-element_type=\"section\" data-settings=\"{&quot;background_background&quot;:&quot;classic&quot;}\">\n\t\t\t\t\t\t<div class=\"elementor-container elementor-column-gap-default\">\n\t\t\t\t\t<div class=\"elementor-column elementor-col-50 elementor-top-column elementor-element elementor-element-4ae4f734\" data-id=\"4ae4f734\" data-element_type=\"column\">\n\t\t\t<div class=\"elementor-widget-wrap elementor-element-populated\">\n\t\t\t\t\t\t<div class=\"elementor-element elementor-element-2d0519dc elementor-widget elementor-widget-spacer\" data-id=\"2d0519dc\" data-element_type=\"widget\" data-widget_type=\"spacer.default\">\n\t\t\t\t<div class=\"elementor-widget-container\">\n\t\t\t\t\t\t\t<div class=\"elementor-spacer\">\n\t\t\t<div class=\"elementor-spacer-inner\"><\/div>\n\t\t<\/div>\n\t\t\t\t\t\t<\/div>\n\t\t\t\t<\/div>\n\t\t\t\t\t<\/div>\n\t\t<\/div>\n\t\t\t\t<div class=\"elementor-column elementor-col-50 elementor-top-column elementor-element elementor-element-656e9491\" data-id=\"656e9491\" data-element_type=\"column\">\n\t\t\t<div class=\"elementor-widget-wrap elementor-element-populated\">\n\t\t\t\t\t\t<div class=\"elementor-element elementor-element-79454d3e elementor-widget elementor-widget-text-editor\" data-id=\"79454d3e\" data-element_type=\"widget\" data-widget_type=\"text-editor.default\">\n\t\t\t\t<div class=\"elementor-widget-container\">\n\t\t\t\t\t\t\t\t\t<p>Nos mantenemos al d\u00eda de las \u00faltimas exposiciones y ferias comerciales de China y Asia para asegurarnos de estar siempre a la vanguardia de los avances del sector. Asistir a estas exposiciones nos brinda la oportunidad de conectar con otras empresas y mostrar nuestros productos y servicios.<\/p><p>\u00a0<\/p>\t\t\t\t\t\t\t\t<\/div>\n\t\t\t\t<\/div>\n\t\t\t\t<div class=\"elementor-element elementor-element-653b74dc elementor-widget elementor-widget-heading\" data-id=\"653b74dc\" data-element_type=\"widget\" data-widget_type=\"heading.default\">\n\t\t\t\t<div class=\"elementor-widget-container\">\n\t\t\t\t\t<h2 class=\"elementor-heading-title elementor-size-default\">Detalles de la Expo<\/h2>\t\t\t\t<\/div>\n\t\t\t\t<\/div>\n\t\t\t\t<section class=\"elementor-section elementor-inner-section elementor-element elementor-element-2712281 elementor-section-boxed elementor-section-height-default elementor-section-height-default\" data-id=\"2712281\" data-element_type=\"section\">\n\t\t\t\t\t\t<div class=\"elementor-container elementor-column-gap-default\">\n\t\t\t\t\t<div class=\"elementor-column elementor-col-50 elementor-inner-column elementor-element elementor-element-230a5c72\" data-id=\"230a5c72\" data-element_type=\"column\">\n\t\t\t<div class=\"elementor-widget-wrap elementor-element-populated\">\n\t\t\t\t\t\t<div class=\"elementor-element elementor-element-784e848c elementor-widget elementor-widget-text-editor\" data-id=\"784e848c\" data-element_type=\"widget\" data-widget_type=\"text-editor.default\">\n\t\t\t\t<div class=\"elementor-widget-container\">\n\t\t\t\t\t\t\t\t\t<p>China acoge cada a\u00f1o dos grandes exposiciones, la Feria de Cant\u00f3n de Primavera y la de Oto\u00f1o. La Feria de Cant\u00f3n de Primavera se celebra del:<\/p>\t\t\t\t\t\t\t\t<\/div>\n\t\t\t\t<\/div>\n\t\t\t\t<div class=\"elementor-element elementor-element-65389b82 elementor-widget elementor-widget-heading\" data-id=\"65389b82\" data-element_type=\"widget\" data-widget_type=\"heading.default\">\n\t\t\t\t<div class=\"elementor-widget-container\">\n\t\t\t\t\t<div class=\"elementor-heading-title elementor-size-default\">Del 15 al 19 de abril <\/div>\t\t\t\t<\/div>\n\t\t\t\t<\/div>\n\t\t\t\t<div class=\"elementor-element elementor-element-41cae051 elementor-widget elementor-widget-text-editor\" data-id=\"41cae051\" data-element_type=\"widget\" data-widget_type=\"text-editor.default\">\n\t\t\t\t<div class=\"elementor-widget-container\">\n\t\t\t\t\t\t\t\t\t<p>(Fase 1)<\/p>\t\t\t\t\t\t\t\t<\/div>\n\t\t\t\t<\/div>\n\t\t\t\t<div class=\"elementor-element elementor-element-33261250 elementor-widget elementor-widget-heading\" data-id=\"33261250\" data-element_type=\"widget\" data-widget_type=\"heading.default\">\n\t\t\t\t<div class=\"elementor-widget-container\">\n\t\t\t\t\t<div class=\"elementor-heading-title elementor-size-default\">Del 23 al 27 de abril <\/div>\t\t\t\t<\/div>\n\t\t\t\t<\/div>\n\t\t\t\t<div class=\"elementor-element elementor-element-625cafa0 elementor-widget elementor-widget-text-editor\" data-id=\"625cafa0\" data-element_type=\"widget\" data-widget_type=\"text-editor.default\">\n\t\t\t\t<div class=\"elementor-widget-container\">\n\t\t\t\t\t\t\t\t\t<p>(Fase 2)<\/p>\t\t\t\t\t\t\t\t<\/div>\n\t\t\t\t<\/div>\n\t\t\t\t<div class=\"elementor-element elementor-element-14166f0d elementor-widget elementor-widget-heading\" data-id=\"14166f0d\" data-element_type=\"widget\" data-widget_type=\"heading.default\">\n\t\t\t\t<div class=\"elementor-widget-container\">\n\t\t\t\t\t<div class=\"elementor-heading-title elementor-size-default\">Del 1 al 5 de mayo <\/div>\t\t\t\t<\/div>\n\t\t\t\t<\/div>\n\t\t\t\t<div class=\"elementor-element elementor-element-68cc25dd elementor-widget elementor-widget-text-editor\" data-id=\"68cc25dd\" data-element_type=\"widget\" data-widget_type=\"text-editor.default\">\n\t\t\t\t<div class=\"elementor-widget-container\">\n\t\t\t\t\t\t\t\t\t<p>(Fase 3)<\/p>\t\t\t\t\t\t\t\t<\/div>\n\t\t\t\t<\/div>\n\t\t\t\t\t<\/div>\n\t\t<\/div>\n\t\t\t\t<div class=\"elementor-column elementor-col-50 elementor-inner-column elementor-element elementor-element-7c3ba09\" data-id=\"7c3ba09\" data-element_type=\"column\">\n\t\t\t<div class=\"elementor-widget-wrap elementor-element-populated\">\n\t\t\t\t\t\t<div class=\"elementor-element elementor-element-cd8f585 elementor-widget elementor-widget-text-editor\" data-id=\"cd8f585\" data-element_type=\"widget\" data-widget_type=\"text-editor.default\">\n\t\t\t\t<div class=\"elementor-widget-container\">\n\t\t\t\t\t\t\t\t\t<p>La Feria de Oto\u00f1o de Cant\u00f3n se celebra en octubre<\/p>\t\t\t\t\t\t\t\t<\/div>\n\t\t\t\t<\/div>\n\t\t\t\t<div class=\"elementor-element elementor-element-8738b27 elementor-widget elementor-widget-heading\" data-id=\"8738b27\" data-element_type=\"widget\" data-widget_type=\"heading.default\">\n\t\t\t\t<div class=\"elementor-widget-container\">\n\t\t\t\t\t<div class=\"elementor-heading-title elementor-size-default\">Del 15 al 19 de octubre<\/div>\t\t\t\t<\/div>\n\t\t\t\t<\/div>\n\t\t\t\t<div class=\"elementor-element elementor-element-fa9bea0 elementor-widget elementor-widget-text-editor\" data-id=\"fa9bea0\" data-element_type=\"widget\" data-widget_type=\"text-editor.default\">\n\t\t\t\t<div class=\"elementor-widget-container\">\n\t\t\t\t\t\t\t\t\t<p>(Fase 1)<\/p>\t\t\t\t\t\t\t\t<\/div>\n\t\t\t\t<\/div>\n\t\t\t\t<div class=\"elementor-element elementor-element-fd06390 elementor-widget elementor-widget-heading\" data-id=\"fd06390\" data-element_type=\"widget\" data-widget_type=\"heading.default\">\n\t\t\t\t<div class=\"elementor-widget-container\">\n\t\t\t\t\t<div class=\"elementor-heading-title elementor-size-default\">Del 23 al 27 de octubre <\/div>\t\t\t\t<\/div>\n\t\t\t\t<\/div>\n\t\t\t\t<div class=\"elementor-element elementor-element-f90bf1f elementor-widget elementor-widget-text-editor\" data-id=\"f90bf1f\" data-element_type=\"widget\" data-widget_type=\"text-editor.default\">\n\t\t\t\t<div class=\"elementor-widget-container\">\n\t\t\t\t\t\t\t\t\t<p>(Fase 2)<\/p>\t\t\t\t\t\t\t\t<\/div>\n\t\t\t\t<\/div>\n\t\t\t\t<div class=\"elementor-element elementor-element-a9c3fb5 elementor-widget elementor-widget-heading\" data-id=\"a9c3fb5\" data-element_type=\"widget\" data-widget_type=\"heading.default\">\n\t\t\t\t<div class=\"elementor-widget-container\">\n\t\t\t\t\t<div class=\"elementor-heading-title elementor-size-default\">Del 31 de octubre al 4 de noviembre <\/div>\t\t\t\t<\/div>\n\t\t\t\t<\/div>\n\t\t\t\t<div class=\"elementor-element elementor-element-c3fdf72 elementor-widget elementor-widget-text-editor\" data-id=\"c3fdf72\" data-element_type=\"widget\" data-widget_type=\"text-editor.default\">\n\t\t\t\t<div class=\"elementor-widget-container\">\n\t\t\t\t\t\t\t\t\t<p>(Fase 3)<\/p>\t\t\t\t\t\t\t\t<\/div>\n\t\t\t\t<\/div>\n\t\t\t\t\t<\/div>\n\t\t<\/div>\n\t\t\t\t\t<\/div>\n\t\t<\/section>\n\t\t\t\t\t<\/div>\n\t\t<\/div>\n\t\t\t\t\t<\/div>\n\t\t<\/section>\n\t\t\t\t<section class=\"elementor-section elementor-top-section elementor-element elementor-element-27ec8b3b elementor-section-boxed elementor-section-height-default elementor-section-height-default\" data-id=\"27ec8b3b\" data-element_type=\"section\" data-settings=\"{&quot;background_background&quot;:&quot;classic&quot;}\">\n\t\t\t\t\t\t<div class=\"elementor-container elementor-column-gap-default\">\n\t\t\t\t\t<div class=\"elementor-column elementor-col-100 elementor-top-column elementor-element elementor-element-6b9f3338\" data-id=\"6b9f3338\" data-element_type=\"column\">\n\t\t\t<div class=\"elementor-widget-wrap elementor-element-populated\">\n\t\t\t\t\t\t<section class=\"elementor-section elementor-inner-section elementor-element elementor-element-cc522ae elementor-section-boxed elementor-section-height-default elementor-section-height-default\" data-id=\"cc522ae\" data-element_type=\"section\">\n\t\t\t\t\t\t<div class=\"elementor-container elementor-column-gap-default\">\n\t\t\t\t\t<div class=\"elementor-column elementor-col-50 elementor-inner-column elementor-element elementor-element-7ad0a6ae\" data-id=\"7ad0a6ae\" data-element_type=\"column\">\n\t\t\t<div class=\"elementor-widget-wrap elementor-element-populated\">\n\t\t\t\t\t\t<div class=\"elementor-element elementor-element-664f82ca elementor-widget elementor-widget-heading\" data-id=\"664f82ca\" data-element_type=\"widget\" data-widget_type=\"heading.default\">\n\t\t\t\t<div class=\"elementor-widget-container\">\n\t\t\t\t\t<h2 class=\"elementor-heading-title elementor-size-default\">Mant\u00e9ngase al d\u00eda sobre las pr\u00f3ximas exposiciones<\/h2>\t\t\t\t<\/div>\n\t\t\t\t<\/div>\n\t\t\t\t\t<\/div>\n\t\t<\/div>\n\t\t\t\t<div class=\"elementor-column elementor-col-50 elementor-inner-column elementor-element elementor-element-6cb24894 elementor-hidden-desktop elementor-hidden-tablet elementor-hidden-phone\" data-id=\"6cb24894\" data-element_type=\"column\">\n\t\t\t<div class=\"elementor-widget-wrap\">\n\t\t\t\t\t\t\t<\/div>\n\t\t<\/div>\n\t\t\t\t\t<\/div>\n\t\t<\/section>\n\t\t\t\t<div class=\"elementor-element elementor-element-d2bf76f elementor-widget elementor-widget-text-editor\" data-id=\"d2bf76f\" data-element_type=\"widget\" data-widget_type=\"text-editor.default\">\n\t\t\t\t<div class=\"elementor-widget-container\">\n\t\t\t\t\t\t\t\t\t<p>HK SPR Trade Limited es consciente de la importancia de mantenerse al d\u00eda sobre los \u00faltimos eventos y exposiciones comerciales. Queremos que nuestros clientes tengan acceso a informaci\u00f3n valiosa sobre las pr\u00f3ximas exposiciones en Asia y en otros lugares. Por este motivo, le invitamos a visitar los siguientes recursos para obtener m\u00e1s informaci\u00f3n sobre las \u00faltimas exposiciones de su sector:<\/p><p>P\u00e1gina web del Consejo de Desarrollo Comercial de Hong Kong (HKTDC): El HKTDC es un organismo oficial creado para promover, ayudar y desarrollar el comercio entre Hong Kong y el resto del mundo. Su sitio web ofrece una lista completa de las pr\u00f3ximas ferias y exposiciones en Hong Kong y otras regiones. Puede buscar f\u00e1cilmente eventos por sector o ubicaci\u00f3n.<\/p><p>Sitio web de la Feria de Importaci\u00f3n y Exportaci\u00f3n de China (Feria de Cant\u00f3n): La Feria de Cant\u00f3n se celebra cada dos a\u00f1os en Guangzhou (China) y es una de las mayores ferias comerciales del mundo. Su sitio web ofrece informaci\u00f3n detallada sobre las pr\u00f3ximas fechas de la feria, los expositores y los productos por sectores.<\/p><p>Sitio web de AsiaWorld-Expo: AsiaWorld-Expo es un recinto de exposiciones y eventos situado cerca del Aeropuerto Internacional de Hong Kong. Acoge una amplia gama de ferias y eventos, con especial atenci\u00f3n a la electr\u00f3nica, el entretenimiento y la moda.<\/p><p>Visitando estos recursos, podr\u00e1 mantenerse informado sobre las \u00faltimas ferias y exposiciones y planificar su asistencia en consecuencia. Adem\u00e1s, nuestro equipo de HK SPR Trade Limited est\u00e1 siempre a su disposici\u00f3n para orientarle y ayudarle a asistir a estos eventos.<\/p>\t\t\t\t\t\t\t\t<\/div>\n\t\t\t\t<\/div>\n\t\t\t\t<div class=\"elementor-element elementor-element-728b203f elementor-widget-divider--view-line elementor-widget elementor-widget-divider\" data-id=\"728b203f\" data-element_type=\"widget\" data-widget_type=\"divider.default\">\n\t\t\t\t<div class=\"elementor-widget-container\">\n\t\t\t\t\t\t\t<div class=\"elementor-divider\">\n\t\t\t<span class=\"elementor-divider-separator\">\n\t\t\t\t\t\t<\/span>\n\t\t<\/div>\n\t\t\t\t\t\t<\/div>\n\t\t\t\t<\/div>\n\t\t\t\t\t<\/div>\n\t\t<\/div>\n\t\t\t\t\t<\/div>\n\t\t<\/section>\n\t\t\t\t<section class=\"elementor-section elementor-top-section elementor-element elementor-element-68797117 elementor-section-boxed elementor-section-height-default elementor-section-height-default\" data-id=\"68797117\" data-element_type=\"section\" data-settings=\"{&quot;background_background&quot;:&quot;classic&quot;}\">\n\t\t\t\t\t\t\t<div class=\"elementor-background-overlay\"><\/div>\n\t\t\t\t\t\t\t<div class=\"elementor-container elementor-column-gap-default\">\n\t\t\t\t\t<div class=\"elementor-column elementor-col-100 elementor-top-column elementor-element elementor-element-635006ae\" data-id=\"635006ae\" data-element_type=\"column\">\n\t\t\t<div class=\"elementor-widget-wrap elementor-element-populated\">\n\t\t\t\t\t\t<div class=\"elementor-element elementor-element-3572503 elementor-widget elementor-widget-heading\" data-id=\"3572503\" data-element_type=\"widget\" data-widget_type=\"heading.default\">\n\t\t\t\t<div class=\"elementor-widget-container\">\n\t\t\t\t\t<h2 class=\"elementor-heading-title elementor-size-default\">M\u00e1s informaci\u00f3n<\/h2>\t\t\t\t<\/div>\n\t\t\t\t<\/div>\n\t\t\t\t<div class=\"elementor-element elementor-element-2834b1b elementor-widget elementor-widget-text-editor\" data-id=\"2834b1b\" data-element_type=\"widget\" data-widget_type=\"text-editor.default\">\n\t\t\t\t<div class=\"elementor-widget-container\">\n\t\t\t\t\t\t\t\t\t<p>Si desea m\u00e1s informaci\u00f3n sobre los sectores presentes en la Feria de Cant\u00f3n, haga clic aqu\u00ed y uno de nuestros representantes se pondr\u00e1 en contacto con usted para darle m\u00e1s detalles. Asistir a estas exposiciones es una valiosa oportunidad para ampliar nuestra red de contactos y estar al d\u00eda de las tendencias del sector, lo que en \u00faltima instancia beneficia a nuestros clientes.<\/p><p>\u00a0<\/p>\t\t\t\t\t\t\t\t<\/div>\n\t\t\t\t<\/div>\n\t\t\t\t<div class=\"elementor-element elementor-element-b46664e elementor-align-center elementor-widget elementor-widget-button\" data-id=\"b46664e\" data-element_type=\"widget\" data-widget_type=\"button.default\">\n\t\t\t\t<div class=\"elementor-widget-container\">\n\t\t\t\t\t\t\t\t\t<div class=\"elementor-button-wrapper\">\n\t\t\t\t\t<a class=\"elementor-button elementor-button-link elementor-size-sm\" href=\"https:\/\/sprtrading.net\/es\/contacto\/\">\n\t\t\t\t\t\t<span class=\"elementor-button-content-wrapper\">\n\t\t\t\t\t\t\t\t\t<span class=\"elementor-button-text\">Contacto<\/span>\n\t\t\t\t\t<\/span>\n\t\t\t\t\t<\/a>\n\t\t\t\t<\/div>\n\t\t\t\t\t\t\t\t<\/div>\n\t\t\t\t<\/div>\n\t\t\t\t\t<\/div>\n\t\t<\/div>\n\t\t\t\t\t<\/div>\n\t\t<\/section>\n\t\t\t\t<section class=\"elementor-section elementor-top-section elementor-element elementor-element-cb5dc1a elementor-section-boxed elementor-section-height-default elementor-section-height-default\" data-id=\"cb5dc1a\" data-element_type=\"section\">\n\t\t\t\t\t\t<div class=\"elementor-container elementor-column-gap-default\">\n\t\t\t\t\t<div class=\"elementor-column elementor-col-100 elementor-top-column elementor-element elementor-element-e33dbf7\" data-id=\"e33dbf7\" data-element_type=\"column\">\n\t\t\t<div class=\"elementor-widget-wrap\">\n\t\t\t\t\t\t\t<\/div>\n\t\t<\/div>\n\t\t\t\t\t<\/div>\n\t\t<\/section>\n\t\t\t\t<\/div>","protected":false},"excerpt":{"rendered":"<p>Expos in China We stay up-to-date with the latest expos and trade shows in China and Asia to ensure that we are always at the forefront of industry developments. Attending these expos provides us with the opportunity to connect with other businesses and showcase our products and services. \u00a0 Expo Details China hosts two major [&hellip;]<\/p>","protected":false},"author":3,"featured_media":0,"parent":0,"menu_order":0,"comment_status":"closed","ping_status":"closed","template":"elementor_header_footer","meta":{"footnotes":""},"class_list":["post-531","page","type-page","status-publish","hentry"],"_links":{"self":[{"href":"https:\/\/sprtrading.net\/es\/wp-json\/wp\/v2\/pages\/531","targetHints":{"allow":["GET"]}}],"collection":[{"href":"https:\/\/sprtrading.net\/es\/wp-json\/wp\/v2\/pages"}],"about":[{"href":"https:\/\/sprtrading.net\/es\/wp-json\/wp\/v2\/types\/page"}],"author":[{"embeddable":true,"href":"https:\/\/sprtrading.net\/es\/wp-json\/wp\/v2\/users\/3"}],"replies":[{"embeddable":true,"href":"https:\/\/sprtrading.net\/es\/wp-json\/wp\/v2\/comments?post=531"}],"version-history":[{"count":45,"href":"https:\/\/sprtrading.net\/es\/wp-json\/wp\/v2\/pages\/531\/revisions"}],"predecessor-version":[{"id":1000,"href":"https:\/\/sprtrading.net\/es\/wp-json\/wp\/v2\/pages\/531\/revisions\/1000"}],"wp:attachment":[{"href":"https:\/\/sprtrading.net\/es\/wp-json\/wp\/v2\/media?parent=531"}],"curies":[{"name":"wp","href":"https:\/\/api.w.org\/{rel}","templated":true}]}}