{"id":522,"date":"2023-05-20T21:14:43","date_gmt":"2023-05-20T21:14:43","guid":{"rendered":"https:\/\/sprtrading.net\/?page_id=522"},"modified":"2024-11-15T18:06:57","modified_gmt":"2024-11-15T18:06:57","slug":"privacy-policy-2","status":"publish","type":"page","link":"https:\/\/sprtrading.net\/es\/privacy-policy-2\/","title":{"rendered":"Pol\u00edtica de privacidad"},"content":{"rendered":"<div data-elementor-type=\"wp-page\" data-elementor-id=\"522\" class=\"elementor elementor-522\" data-elementor-post-type=\"page\">\n\t\t\t\t\t\t<section class=\"elementor-section elementor-top-section elementor-element elementor-element-1566bad2 elementor-section-boxed elementor-section-height-default elementor-section-height-default\" data-id=\"1566bad2\" data-element_type=\"section\" data-settings=\"{&quot;background_background&quot;:&quot;classic&quot;}\">\n\t\t\t\t\t\t<div class=\"elementor-container elementor-column-gap-default\">\n\t\t\t\t\t<div class=\"elementor-column elementor-col-100 elementor-top-column elementor-element elementor-element-ac12d26\" data-id=\"ac12d26\" data-element_type=\"column\">\n\t\t\t<div class=\"elementor-widget-wrap elementor-element-populated\">\n\t\t\t\t\t\t<div class=\"elementor-element elementor-element-058d533 elementor-widget elementor-widget-heading\" data-id=\"058d533\" data-element_type=\"widget\" data-widget_type=\"heading.default\">\n\t\t\t\t<div class=\"elementor-widget-container\">\n\t\t\t\t\t<h2 class=\"elementor-heading-title elementor-size-default\">Pol\u00edtica de privacidad<\/h2>\t\t\t\t<\/div>\n\t\t\t\t<\/div>\n\t\t\t\t<div class=\"elementor-element elementor-element-cab25b4 elementor-widget elementor-widget-spacer\" data-id=\"cab25b4\" data-element_type=\"widget\" data-widget_type=\"spacer.default\">\n\t\t\t\t<div class=\"elementor-widget-container\">\n\t\t\t\t\t\t\t<div class=\"elementor-spacer\">\n\t\t\t<div class=\"elementor-spacer-inner\"><\/div>\n\t\t<\/div>\n\t\t\t\t\t\t<\/div>\n\t\t\t\t<\/div>\n\t\t\t\t<div class=\"elementor-element elementor-element-3cf342c elementor-widget elementor-widget-text-editor\" data-id=\"3cf342c\" data-element_type=\"widget\" data-widget_type=\"text-editor.default\">\n\t\t\t\t<div class=\"elementor-widget-container\">\n\t\t\t\t\t\t\t\t\t<p>At HK SPR Trading, we are committed to protecting the privacy and confidentiality of our customers&#8217; personal information. This Privacy Policy outlines our practices for collecting, using, and disclosing personal information in connection with the products and services we offer.<\/p><p><strong>Recogida de informaci\u00f3n personal:<\/strong><\/p><p>Recopilamos informaci\u00f3n personal de nuestros clientes para proporcionarles los productos y servicios que necesitan. Los tipos de informaci\u00f3n personal que podemos recopilar incluyen, entre otros, nombre, direcci\u00f3n, direcci\u00f3n de correo electr\u00f3nico, n\u00famero de tel\u00e9fono e informaci\u00f3n de pago.<\/p><p><strong>Uso de la informaci\u00f3n personal:<\/strong><\/p><p>Utilizamos la informaci\u00f3n personal para procesar pedidos, proporcionar asistencia al cliente y comunicarnos con los clientes acerca de nuestros productos y servicios. Tambi\u00e9n podemos utilizar la informaci\u00f3n personal para fines de marketing, como proporcionar a los clientes informaci\u00f3n sobre nuevos productos u ofertas especiales.<\/p><p><strong>Divulgaci\u00f3n de informaci\u00f3n personal:<\/strong><\/p><p>Podemos revelar informaci\u00f3n personal a nuestros proveedores de servicios, como procesadores de env\u00edos y pagos, con el fin de proporcionar nuestros productos y servicios. Tambi\u00e9n podemos revelar informaci\u00f3n personal a las fuerzas de seguridad u otras autoridades si as\u00ed lo exige la ley.<\/p><p><strong>Seguridad de la informaci\u00f3n personal:<\/strong><\/p><p>Tomamos medidas razonables para proteger la informaci\u00f3n personal de nuestros clientes. Esto incluye el uso de servidores seguros, la encriptaci\u00f3n de la informaci\u00f3n sensible y la limitaci\u00f3n del acceso a la informaci\u00f3n personal \u00fanicamente a quienes lo requieran.<\/p><p><strong>Informaci\u00f3n de contacto:<\/strong><\/p><p>Si tiene alguna pregunta o duda sobre nuestra Pol\u00edtica de Privacidad o el tratamiento de su informaci\u00f3n personal, p\u00f3ngase en contacto con nosotros en <a class=\"css-tgpl01\" title=\"mailto:infotrade@sprtrading.net\" href=\"mailto:infotrade@sprtrading.net\" data-testid=\"link-with-safety\" data-renderer-mark=\"true\">infotrade@sprtrading.net<\/a> \u00a0<\/p><p>Nos reservamos el derecho a modificar esta Pol\u00edtica de Privacidad en cualquier momento. Cualquier cambio en la Pol\u00edtica de Privacidad se publicar\u00e1 en nuestro sitio web.<\/p>\t\t\t\t\t\t\t\t<\/div>\n\t\t\t\t<\/div>\n\t\t\t\t\t<\/div>\n\t\t<\/div>\n\t\t\t\t\t<\/div>\n\t\t<\/section>\n\t\t\t\t<\/div>","protected":false},"excerpt":{"rendered":"<p>\/*! elementor &#8211; v3.17.0 &#8211; 25-10-2023 *\/ .elementor-heading-title{padding:0;margin:0;line-height:1}.elementor-widget-heading .elementor-heading-title[class*=elementor-size-]&gt;a{color:inherit;font-size:inherit;line-height:inherit}.elementor-widget-heading .elementor-heading-title.elementor-size-small{font-size:15px}.elementor-widget-heading .elementor-heading-title.elementor-size-medium{font-size:19px}.elementor-widget-heading .elementor-heading-title.elementor-size-large{font-size:29px}.elementor-widget-heading .elementor-heading-title.elementor-size-xl{font-size:39px}.elementor-widget-heading .elementor-heading-title.elementor-size-xxl{font-size:59px} Privacy Policy \/*! elementor &#8211; v3.17.0 &#8211; 25-10-2023 *\/ .elementor-column .elementor-spacer-inner{height:var(&#8211;spacer-size)}.e-con{&#8211;container-widget-width:100%}.e-con-inner&gt;.elementor-widget-spacer,.e-con&gt;.elementor-widget-spacer{width:var(&#8211;container-widget-width,var(&#8211;spacer-size));&#8211;align-self:var(&#8211;container-widget-align-self,initial);&#8211;flex-shrink:0}.e-con-inner&gt;.elementor-widget-spacer&gt;.elementor-widget-container,.e-con&gt;.elementor-widget-spacer&gt;.elementor-widget-container{height:100%;width:100%}.e-con-inner&gt;.elementor-widget-spacer&gt;.elementor-widget-container&gt;.elementor-spacer,.e-con&gt;.elementor-widget-spacer&gt;.elementor-widget-container&gt;.elementor-spacer{height:100%}.e-con-inner&gt;.elementor-widget-spacer&gt;.elementor-widget-container&gt;.elementor-spacer&gt;.elementor-spacer-inner,.e-con&gt;.elementor-widget-spacer&gt;.elementor-widget-container&gt;.elementor-spacer&gt;.elementor-spacer-inner{height:var(&#8211;container-widget-height,var(&#8211;spacer-size))}.e-con-inner&gt;.elementor-widget-spacer.elementor-widget-empty,.e-con&gt;.elementor-widget-spacer.elementor-widget-empty{position:relative;min-height:22px;min-width:22px}.e-con-inner&gt;.elementor-widget-spacer.elementor-widget-empty .elementor-widget-empty-icon,.e-con&gt;.elementor-widget-spacer.elementor-widget-empty .elementor-widget-empty-icon{position:absolute;top:0;bottom:0;left:0;right:0;margin:auto;padding:0;width:22px;height:22px} At HK SPR Trading, we are committed to protecting the privacy and confidentiality of our customers&#8217; personal information. This Privacy Policy outlines our practices for collecting, using, and [&hellip;]<\/p>","protected":false},"author":3,"featured_media":0,"parent":0,"menu_order":0,"comment_status":"closed","ping_status":"closed","template":"elementor_header_footer","meta":{"footnotes":""},"class_list":["post-522","page","type-page","status-publish","hentry"],"_links":{"self":[{"href":"https:\/\/sprtrading.net\/es\/wp-json\/wp\/v2\/pages\/522","targetHints":{"allow":["GET"]}}],"collection":[{"href":"https:\/\/sprtrading.net\/es\/wp-json\/wp\/v2\/pages"}],"about":[{"href":"https:\/\/sprtrading.net\/es\/wp-json\/wp\/v2\/types\/page"}],"author":[{"embeddable":true,"href":"https:\/\/sprtrading.net\/es\/wp-json\/wp\/v2\/users\/3"}],"replies":[{"embeddable":true,"href":"https:\/\/sprtrading.net\/es\/wp-json\/wp\/v2\/comments?post=522"}],"version-history":[{"count":24,"href":"https:\/\/sprtrading.net\/es\/wp-json\/wp\/v2\/pages\/522\/revisions"}],"predecessor-version":[{"id":1153,"href":"https:\/\/sprtrading.net\/es\/wp-json\/wp\/v2\/pages\/522\/revisions\/1153"}],"wp:attachment":[{"href":"https:\/\/sprtrading.net\/es\/wp-json\/wp\/v2\/media?parent=522"}],"curies":[{"name":"wp","href":"https:\/\/api.w.org\/{rel}","templated":true}]}}